{"id":1056,"date":"2025-03-31T06:40:46","date_gmt":"2025-03-31T06:40:46","guid":{"rendered":"http:\/\/www.hf-baden-baden.de\/?page_id=1056"},"modified":"2025-04-01T19:42:29","modified_gmt":"2025-04-01T19:42:29","slug":"trainingszeiten-winter-2","status":"publish","type":"page","link":"https:\/\/www.hf-baden-baden.de\/?page_id=1056","title":{"rendered":"Trainingszeiten"},"content":{"rendered":"<p>Wir trainieren auf dem Hundeplatz des SV OG Rastatt, Seestra\u00dfe 7, Rastatt.<\/p>\n<p>Unsere Trainingstage sind <strong>Montag<\/strong> und <strong>Freitag<\/strong>.<\/p>\n<p>Unser Trainingsangebot:<\/p>\n<ul>\n<li>Junghundegruppe<\/li>\n<li>Vorbereitung auf die Begleithundepr\u00fcfung<\/li>\n<li>Rally-Obedience<\/li>\n<li>Fun-Gruppe<\/li>\n<\/ul>\n<p>Die Teilnahme am Training ist nur f\u00fcr Mitglieder bzw. nach Voranmeldung m\u00f6glich.<\/p>\n<p><strong>Wir Trainer freuen uns \u00fcber Euer p\u00fcnktliches und zahlreiches Erscheinen, bitte meldet Euch rechtzeitig ab falls Ihr einmal nicht am Unterricht teilnehmen k\u00f6nnt!<\/strong><\/p>\n<p>Wir bitten alle Teilnehmer beim Auf- und Abbau zu helfen, gemeinsam geht&#8217;s leichter und schneller.&nbsp;<\/p>\n","protected":false},"excerpt":{"rendered":"<p>Wir trainieren auf dem Hundeplatz des SV OG Rastatt, Seestra\u00dfe 7, Rastatt. Unsere Trainingstage sind Montag und Freitag. Unser Trainingsangebot: Junghundegruppe Vorbereitung auf die Begleithundepr\u00fcfung Rally-Obedience Fun-Gruppe Die Teilnahme am&#8230; <a class=\"read-more-link\" href=\"https:\/\/www.hf-baden-baden.de\/?page_id=1056\">Read more &raquo;<\/a><\/p>\n","protected":false},"author":1,"featured_media":0,"parent":9,"menu_order":0,"comment_status":"closed","ping_status":"closed","template":"","meta":{"ngg_post_thumbnail":0,"footnotes":""},"class_list":["post-1056","page","type-page","status-publish","hentry"],"_links":{"self":[{"href":"https:\/\/www.hf-baden-baden.de\/index.php?rest_route=\/wp\/v2\/pages\/1056","targetHints":{"allow":["GET"]}}],"collection":[{"href":"https:\/\/www.hf-baden-baden.de\/index.php?rest_route=\/wp\/v2\/pages"}],"about":[{"href":"https:\/\/www.hf-baden-baden.de\/index.php?rest_route=\/wp\/v2\/types\/page"}],"author":[{"embeddable":true,"href":"https:\/\/www.hf-baden-baden.de\/index.php?rest_route=\/wp\/v2\/users\/1"}],"replies":[{"embeddable":true,"href":"https:\/\/www.hf-baden-baden.de\/index.php?rest_route=%2Fwp%2Fv2%2Fcomments&post=1056"}],"version-history":[{"count":53,"href":"https:\/\/www.hf-baden-baden.de\/index.php?rest_route=\/wp\/v2\/pages\/1056\/revisions"}],"predecessor-version":[{"id":15662,"href":"https:\/\/www.hf-baden-baden.de\/index.php?rest_route=\/wp\/v2\/pages\/1056\/revisions\/15662"}],"up":[{"embeddable":true,"href":"https:\/\/www.hf-baden-baden.de\/index.php?rest_route=\/wp\/v2\/pages\/9"}],"wp:attachment":[{"href":"https:\/\/www.hf-baden-baden.de\/index.php?rest_route=%2Fwp%2Fv2%2Fmedia&parent=1056"}],"curies":[{"name":"wp","href":"https:\/\/api.w.org\/{rel}","templated":true}]}}