{"id":11,"date":"2011-08-06T17:51:05","date_gmt":"2011-08-06T17:51:05","guid":{"rendered":"http:\/\/www.hf-baden-baden.de\/wordpress\/?page_id=11"},"modified":"2025-04-01T19:43:38","modified_gmt":"2025-04-01T19:43:38","slug":"agility","status":"publish","type":"page","link":"https:\/\/www.hf-baden-baden.de\/?page_id=11","title":{"rendered":"Agility"},"content":{"rendered":"<p>&#x26a0;&#xfe0f; Aktuell bieten wir kein Agility-Training an &#x26a0;&#xfe0f;<\/p>\n<p>&nbsp;<\/p>\n<p>Rasant \u00fcber H\u00fcrden, Steg, Slalom und durch den Tunnel, der schnellste, fehlerfreie Hund gewinnt.<\/p>\n<p><img loading=\"lazy\" decoding=\"async\" src=\"https:\/\/www.hf-baden-baden.de\/wordpress\/wp-content\/uploads\/2022\/10\/20220518_201101000_iOS-1-450x386.jpg\" class=\"alignnone size-medium wp-image-15444\" width=\"450\" height=\"386\" alt=\"\" srcset=\"https:\/\/www.hf-baden-baden.de\/wordpress\/wp-content\/uploads\/2022\/10\/20220518_201101000_iOS-1-450x386.jpg 450w, https:\/\/www.hf-baden-baden.de\/wordpress\/wp-content\/uploads\/2022\/10\/20220518_201101000_iOS-1.jpg 720w\" sizes=\"auto, (max-width: 450px) 100vw, 450px\" \/><\/p>\n<p>Der Hundef\u00fchrer lenkt seinen Hund durch K\u00f6rpersprache und H\u00f6rzeichen durch den Parcour.<\/p>\n<p>In drei Leistungsklassen und drei Gr\u00f6\u00dfenklassen durchl\u00e4uft das Team immer wieder neu zusammen gestellte Wege durch die Hindernisse.<\/p>\n<p><img loading=\"lazy\" decoding=\"async\" src=\"https:\/\/www.hf-baden-baden.de\/wordpress\/wp-content\/uploads\/2022\/10\/20221018_185902215_iOS-450x300.jpg\" class=\"alignnone size-medium wp-image-15442\" width=\"450\" height=\"300\" alt=\"\" srcset=\"https:\/\/www.hf-baden-baden.de\/wordpress\/wp-content\/uploads\/2022\/10\/20221018_185902215_iOS-450x300.jpg 450w, https:\/\/www.hf-baden-baden.de\/wordpress\/wp-content\/uploads\/2022\/10\/20221018_185902215_iOS-768x512.jpg 768w, https:\/\/www.hf-baden-baden.de\/wordpress\/wp-content\/uploads\/2022\/10\/20221018_185902215_iOS-576x384.jpg 576w, https:\/\/www.hf-baden-baden.de\/wordpress\/wp-content\/uploads\/2022\/10\/20221018_185902215_iOS.jpg 1000w\" sizes=\"auto, (max-width: 450px) 100vw, 450px\" \/><\/p>\n<p>Agility erfordert vom Hundef\u00fchrer schnelle Reaktionen, Koordination und ein gutes K\u00f6rpergef\u00fchl.<\/p>\n<p>Agility ist f\u00fcr alle Hunderassen und Mischlinge geeignet.<\/p>\n<p>Nur sehr gro\u00dfe und schwere, wie auch \u00fcbergewichtige Hunde sollten diesen Sport aufgrund der hohen k\u00f6rperlichen Belastung nicht aus\u00fcben!<\/p>\n<p>&nbsp;<\/p>\n","protected":false},"excerpt":{"rendered":"<p>&#x26a0;&#xfe0f; Aktuell bieten wir kein Agility-Training an &#x26a0;&#xfe0f; &nbsp; Rasant \u00fcber H\u00fcrden, Steg, Slalom und durch den Tunnel, der schnellste, fehlerfreie Hund gewinnt. Der Hundef\u00fchrer lenkt seinen Hund durch K\u00f6rpersprache&#8230; <a class=\"read-more-link\" href=\"https:\/\/www.hf-baden-baden.de\/?page_id=11\">Read more &raquo;<\/a><\/p>\n","protected":false},"author":1,"featured_media":0,"parent":9,"menu_order":3,"comment_status":"open","ping_status":"open","template":"","meta":{"ngg_post_thumbnail":0,"footnotes":""},"class_list":["post-11","page","type-page","status-publish","hentry"],"_links":{"self":[{"href":"https:\/\/www.hf-baden-baden.de\/index.php?rest_route=\/wp\/v2\/pages\/11","targetHints":{"allow":["GET"]}}],"collection":[{"href":"https:\/\/www.hf-baden-baden.de\/index.php?rest_route=\/wp\/v2\/pages"}],"about":[{"href":"https:\/\/www.hf-baden-baden.de\/index.php?rest_route=\/wp\/v2\/types\/page"}],"author":[{"embeddable":true,"href":"https:\/\/www.hf-baden-baden.de\/index.php?rest_route=\/wp\/v2\/users\/1"}],"replies":[{"embeddable":true,"href":"https:\/\/www.hf-baden-baden.de\/index.php?rest_route=%2Fwp%2Fv2%2Fcomments&post=11"}],"version-history":[{"count":15,"href":"https:\/\/www.hf-baden-baden.de\/index.php?rest_route=\/wp\/v2\/pages\/11\/revisions"}],"predecessor-version":[{"id":15663,"href":"https:\/\/www.hf-baden-baden.de\/index.php?rest_route=\/wp\/v2\/pages\/11\/revisions\/15663"}],"up":[{"embeddable":true,"href":"https:\/\/www.hf-baden-baden.de\/index.php?rest_route=\/wp\/v2\/pages\/9"}],"wp:attachment":[{"href":"https:\/\/www.hf-baden-baden.de\/index.php?rest_route=%2Fwp%2Fv2%2Fmedia&parent=11"}],"curies":[{"name":"wp","href":"https:\/\/api.w.org\/{rel}","templated":true}]}}