{"id":1993,"date":"2018-05-25T10:54:32","date_gmt":"2018-05-25T10:54:32","guid":{"rendered":"http:\/\/www.hf-baden-baden.de\/?page_id=1993"},"modified":"2021-07-13T08:24:51","modified_gmt":"2021-07-13T08:24:51","slug":"datenschutzerklaerung","status":"publish","type":"page","link":"https:\/\/www.hf-baden-baden.de\/?page_id=1993","title":{"rendered":"Datenschutzerkl\u00e4rung"},"content":{"rendered":"<p>Die verantwortliche Stelle f\u00fcr die Datenverarbeitung auf dieser Website ist:<\/p>\n<p>Hundefreunde Baden-Baden e.V.<br \/>\nOliver Schliesser (2. Vorsitzender)<\/p>\n<h2>Welche personenbezogenen Daten wir sammeln und warum wir sie sammeln<\/h2>\n<p><strong>Kommentare<\/strong><\/p>\n<p>Die Nutzung der Kommentarfunktion auf dieser Websweite ist nur f\u00fcr registrierte Besucher m\u00f6glich. WordPress speichert standardm\u00e4\u00dfig die IP-Adressen der Kommentarschreiber. Daher erfolgt die Freischaltung durch den Webseiten-Administrator erst nach Einwilligung des Besuchers zur Datenspeicherung.<\/p>\n<p>&nbsp;<\/p>\n<p><strong>Cookies<\/strong><\/p>\n<p>Wenn du einen Kommentar auf unserer Website schreibst, kann das eine Einwilligung sein, deinen Namen, E-Mail-Adresse und Website in Cookies zu speichern. Dies ist eine Komfortfunktion, damit du nicht, wenn du einen weiteren Kommentar schreibst, all diese Daten erneut eingeben musst. Diese Cookies werden ein Jahr lang gespeichert.<\/p>\n<p>Falls du ein Konto hast und dich auf dieser Website anmeldest, werden wir ein tempor\u00e4res Cookie setzen, um festzustellen, ob dein Browser Cookies akzeptiert. Dieses Cookie enth\u00e4lt keine personenbezogenen Daten und wird verworfen, wenn du deinen Browser schlie\u00dft.<\/p>\n<p>Wenn du dich anmeldest, werden wir einige Cookies einrichten, um deine Anmeldeinformationen und Anzeigeoptionen zu speichern. Anmelde-Cookies verfallen nach zwei Tagen und Cookies f\u00fcr die Anzeigeoptionen nach einem Jahr. Falls du bei der Anmeldung \u201eAngemeldet bleiben\u201c ausw\u00e4hlst, wird deine Anmeldung zwei Wochen lang aufrechterhalten. Mit der Abmeldung aus deinem Konto werden die Anmelde-Cookies gel\u00f6scht.<\/p>\n<p>Wenn du einen Artikel bearbeitest oder ver\u00f6ffentlichst, wird ein zus\u00e4tzlicher Cookie in deinem Browser gespeichert. Dieser Cookie enth\u00e4lt keine personenbezogenen Daten und verweist nur auf die Beitrags-ID des Artikels, den du gerade bearbeitet hast. Der Cookie verf\u00e4llt nach einem Tag.<\/p>\n<p>&nbsp;<\/p>\n<p><strong>Analysedienste<\/strong><\/p>\n<p>Durch unseren Web-Statistikdienst <em>Statify<\/em> werden keine personenbezogenen Daten erhoben, verarbeitet oder gespeichert.<\/p>\n<p>&nbsp;<\/p>\n<p><strong>Mit wem wir deine Daten teilen<\/strong><\/p>\n<p>Wir teilen keinerlei personenbezogene Daten mit Dritten.<\/p>\n<p>&nbsp;<\/p>\n<p><strong>Wie lange wir deine Daten speichern<\/strong><\/p>\n<p>Wenn du einen Kommentar schreibst, wird dieser inklusive Metadaten zeitlich unbegrenzt gespeichert.<\/p>\n<p>F\u00fcr Benutzer, die sich auf unserer Website registrieren, speichern wir zus\u00e4tzlich die pers\u00f6nlichen Informationen, die sie in ihren Benutzerprofilen angeben. Alle Benutzer k\u00f6nnen jederzeit ihre pers\u00f6nlichen Informationen einsehen, ver\u00e4ndern oder l\u00f6schen (der Benutzername kann nicht ver\u00e4ndert werden). Administratoren der Website k\u00f6nnen diese Informationen ebenfalls einsehen und ver\u00e4ndern.<\/p>\n<p>&nbsp;<\/p>\n<p><strong>Welche Rechte du an deinen Daten hast<\/strong><\/p>\n<p>Wenn du ein Konto auf dieser Website besitzt oder Kommentare geschrieben hast, kannst du einen Export deiner personenbezogenen Daten bei uns anfordern, inklusive aller Daten, die du uns mitgeteilt hast. Dar\u00fcber hinaus kannst du die L\u00f6schung aller personenbezogenen Daten, die wir von dir gespeichert haben, anfordern. Dies umfasst nicht die Daten, die wir aufgrund administrativer, rechtlicher oder sicherheitsrelevanter Notwendigkeiten aufbewahren m\u00fcssen.<\/p>\n<p>&nbsp;<\/p>\n<p><strong>Wohin wir deine Daten senden<\/strong><\/p>\n<p>Besucher-Kommentare k\u00f6nnten von einem automatisierten Dienst zur Spam-Erkennung untersucht werden.<\/p>\n","protected":false},"excerpt":{"rendered":"<p>Die verantwortliche Stelle f\u00fcr die Datenverarbeitung auf dieser Website ist: Hundefreunde Baden-Baden e.V. Oliver Schliesser (2. Vorsitzender) Welche personenbezogenen Daten wir sammeln und warum wir sie sammeln Kommentare Die Nutzung&#8230; <a class=\"read-more-link\" href=\"https:\/\/www.hf-baden-baden.de\/?page_id=1993\">Read more &raquo;<\/a><\/p>\n","protected":false},"author":1,"featured_media":0,"parent":0,"menu_order":6,"comment_status":"closed","ping_status":"closed","template":"","meta":{"ngg_post_thumbnail":0,"footnotes":""},"class_list":["post-1993","page","type-page","status-publish","hentry"],"_links":{"self":[{"href":"https:\/\/www.hf-baden-baden.de\/index.php?rest_route=\/wp\/v2\/pages\/1993","targetHints":{"allow":["GET"]}}],"collection":[{"href":"https:\/\/www.hf-baden-baden.de\/index.php?rest_route=\/wp\/v2\/pages"}],"about":[{"href":"https:\/\/www.hf-baden-baden.de\/index.php?rest_route=\/wp\/v2\/types\/page"}],"author":[{"embeddable":true,"href":"https:\/\/www.hf-baden-baden.de\/index.php?rest_route=\/wp\/v2\/users\/1"}],"replies":[{"embeddable":true,"href":"https:\/\/www.hf-baden-baden.de\/index.php?rest_route=%2Fwp%2Fv2%2Fcomments&post=1993"}],"version-history":[{"count":15,"href":"https:\/\/www.hf-baden-baden.de\/index.php?rest_route=\/wp\/v2\/pages\/1993\/revisions"}],"predecessor-version":[{"id":6430,"href":"https:\/\/www.hf-baden-baden.de\/index.php?rest_route=\/wp\/v2\/pages\/1993\/revisions\/6430"}],"wp:attachment":[{"href":"https:\/\/www.hf-baden-baden.de\/index.php?rest_route=%2Fwp%2Fv2%2Fmedia&parent=1993"}],"curies":[{"name":"wp","href":"https:\/\/api.w.org\/{rel}","templated":true}]}}