{"id":2,"date":"2011-08-06T16:53:38","date_gmt":"2011-08-06T16:53:38","guid":{"rendered":"http:\/\/www.hf-baden-baden.de\/wordpress\/?page_id=2"},"modified":"2024-09-04T19:34:27","modified_gmt":"2024-09-04T19:34:27","slug":"beispiel-seite","status":"publish","type":"page","link":"https:\/\/www.hf-baden-baden.de\/?page_id=2","title":{"rendered":"Verein"},"content":{"rendered":"<p>Die Hundefreunde Baden-Baden e.V. wurden im Mai 2001 gegr\u00fcndet und sind seitdem Mitglied im <a href=\"http:\/\/www.swhv.de\">S\u00fcdwestdeutschen Hundesportverband<\/a><\/p>\n<p>Wir trainieren auf dem Gel\u00e4nde des Sch\u00e4ferhundevereins Rastatt.<\/p>\n<p>Unser Ziel ist es jedem Hund in unserem Hundeverein, ob Mischling oder Rassehund, ob gro\u00df oder klein, ob alt oder jung, Erziehung, Sport und Besch\u00e4ftigung zu bieten, mit dem Ziel die Begleithundepr\u00fcfung abzulegen und die Teilnahme an Agility- oder Obedience-Wettbewerben zu erm\u00f6glichen.<\/p>\n<p><strong>1. Vorsitzende<\/strong>&nbsp;Sarah Klumpp<br><img loading=\"lazy\" decoding=\"async\" class=\"alignnone size-medium wp-image-2704\" src=\"https:\/\/www.hf-baden-baden.de\/wordpress\/wp-content\/uploads\/2020\/06\/IMG_1563-450x300.jpg\" alt=\"\" width=\"450\" height=\"300\" srcset=\"https:\/\/www.hf-baden-baden.de\/wordpress\/wp-content\/uploads\/2020\/06\/IMG_1563-450x300.jpg 450w, https:\/\/www.hf-baden-baden.de\/wordpress\/wp-content\/uploads\/2020\/06\/IMG_1563-1024x683.jpg 1024w, https:\/\/www.hf-baden-baden.de\/wordpress\/wp-content\/uploads\/2020\/06\/IMG_1563-768x513.jpg 768w, https:\/\/www.hf-baden-baden.de\/wordpress\/wp-content\/uploads\/2020\/06\/IMG_1563-576x384.jpg 576w, https:\/\/www.hf-baden-baden.de\/wordpress\/wp-content\/uploads\/2020\/06\/IMG_1563.jpg 1500w\" sizes=\"auto, (max-width: 450px) 100vw, 450px\" \/><br>E-Mail: <a href=\"mailto:vorstand@hf-baden-baden.de\">vorstand@hf-baden-baden.de<\/a><br>E-Mail: <a href=\"mailto:sarah@hf-baden-baden.de\">sarah@hf-baden-baden.de<\/a><\/p>\n<p><strong>2. Vorsitzender<\/strong> Oliver Schliesser<br><img loading=\"lazy\" decoding=\"async\" class=\"alignnone wp-image-1254\" src=\"https:\/\/www.hf-baden-baden.de\/wordpress\/wp-content\/uploads\/2011\/08\/IMG_8833.jpg\" alt=\"IMG_8833\" width=\"450\" height=\"301\" srcset=\"https:\/\/www.hf-baden-baden.de\/wordpress\/wp-content\/uploads\/2011\/08\/IMG_8833.jpg 500w, https:\/\/www.hf-baden-baden.de\/wordpress\/wp-content\/uploads\/2011\/08\/IMG_8833-300x200.jpg 300w\" sizes=\"auto, (max-width: 450px) 100vw, 450px\" \/><br>E-Mail: <a href=\"mailto:vorstand@hf-baden-baden.de\">vorstand@hf-baden-baden.de<\/a><br>E-Mail bzgl. Welpengruppen: <a href=\"mailto:oli@hf-baden-baden.de\">oli@hf-baden-baden.de<\/a><\/p>\n<p><strong>Schriftf\u00fchrerin<\/strong> Ute M\u00fcller<br><img loading=\"lazy\" decoding=\"async\" class=\"alignnone size-medium wp-image-2706\" src=\"https:\/\/www.hf-baden-baden.de\/wordpress\/wp-content\/uploads\/2020\/06\/Foto-28.06.20-13-01-12-450x338.jpg\" alt=\"\" width=\"450\" height=\"338\" srcset=\"https:\/\/www.hf-baden-baden.de\/wordpress\/wp-content\/uploads\/2020\/06\/Foto-28.06.20-13-01-12-450x338.jpg 450w, https:\/\/www.hf-baden-baden.de\/wordpress\/wp-content\/uploads\/2020\/06\/Foto-28.06.20-13-01-12-1024x768.jpg 1024w, https:\/\/www.hf-baden-baden.de\/wordpress\/wp-content\/uploads\/2020\/06\/Foto-28.06.20-13-01-12-768x576.jpg 768w, https:\/\/www.hf-baden-baden.de\/wordpress\/wp-content\/uploads\/2020\/06\/Foto-28.06.20-13-01-12-1536x1152.jpg 1536w, https:\/\/www.hf-baden-baden.de\/wordpress\/wp-content\/uploads\/2020\/06\/Foto-28.06.20-13-01-12-576x432.jpg 576w, https:\/\/www.hf-baden-baden.de\/wordpress\/wp-content\/uploads\/2020\/06\/Foto-28.06.20-13-01-12.jpg 1600w\" sizes=\"auto, (max-width: 450px) 100vw, 450px\" \/><br>E-Mail: <a href=\"mailto:ute@hf-baden-baden.de\">ute@hf-baden-baden.de<\/a><\/p>\n<p><strong>Kassiererin<\/strong>&nbsp;Katja Lauinger<br><img loading=\"lazy\" decoding=\"async\" class=\"alignnone size-medium wp-image-2703\" src=\"https:\/\/www.hf-baden-baden.de\/wordpress\/wp-content\/uploads\/2020\/06\/IMG_1568-450x300.jpg\" alt=\"\" width=\"450\" height=\"300\" srcset=\"https:\/\/www.hf-baden-baden.de\/wordpress\/wp-content\/uploads\/2020\/06\/IMG_1568-450x300.jpg 450w, https:\/\/www.hf-baden-baden.de\/wordpress\/wp-content\/uploads\/2020\/06\/IMG_1568-1024x683.jpg 1024w, https:\/\/www.hf-baden-baden.de\/wordpress\/wp-content\/uploads\/2020\/06\/IMG_1568-768x513.jpg 768w, https:\/\/www.hf-baden-baden.de\/wordpress\/wp-content\/uploads\/2020\/06\/IMG_1568-576x384.jpg 576w, https:\/\/www.hf-baden-baden.de\/wordpress\/wp-content\/uploads\/2020\/06\/IMG_1568.jpg 1500w\" sizes=\"auto, (max-width: 450px) 100vw, 450px\" \/><br>E-Mail: <a href=\"mailto:kasse@hf-baden-baden.de\">kasse@hf-baden-baden.de<\/a><\/p>\n<p><strong>Ausbildungsleiterin&nbsp;<\/strong>Bettina Knabe<br><img loading=\"lazy\" decoding=\"async\" class=\"alignnone wp-image-1271\" src=\"https:\/\/www.hf-baden-baden.de\/wordpress\/wp-content\/uploads\/2011\/08\/IMG_9526.jpg\" alt=\"IMG_9526\" width=\"450\" height=\"301\" srcset=\"https:\/\/www.hf-baden-baden.de\/wordpress\/wp-content\/uploads\/2011\/08\/IMG_9526.jpg 500w, https:\/\/www.hf-baden-baden.de\/wordpress\/wp-content\/uploads\/2011\/08\/IMG_9526-300x200.jpg 300w\" sizes=\"auto, (max-width: 450px) 100vw, 450px\" \/><br>E-Mail: <a href=\"mailto:bettina@hf-baden-baden.de\">bettina@hf-baden-baden.de<\/a><\/p>\n<p><strong>Beir\u00e4te:<\/strong><br>Dagmar Frank<br><img loading=\"lazy\" decoding=\"async\" class=\"alignnone size-medium wp-image-2708\" src=\"https:\/\/www.hf-baden-baden.de\/wordpress\/wp-content\/uploads\/2020\/06\/IMG_1815-450x300.jpg\" alt=\"\" width=\"450\" height=\"300\" srcset=\"https:\/\/www.hf-baden-baden.de\/wordpress\/wp-content\/uploads\/2020\/06\/IMG_1815-450x300.jpg 450w, https:\/\/www.hf-baden-baden.de\/wordpress\/wp-content\/uploads\/2020\/06\/IMG_1815-1024x683.jpg 1024w, https:\/\/www.hf-baden-baden.de\/wordpress\/wp-content\/uploads\/2020\/06\/IMG_1815-768x513.jpg 768w, https:\/\/www.hf-baden-baden.de\/wordpress\/wp-content\/uploads\/2020\/06\/IMG_1815-576x384.jpg 576w, https:\/\/www.hf-baden-baden.de\/wordpress\/wp-content\/uploads\/2020\/06\/IMG_1815.jpg 1500w\" sizes=\"auto, (max-width: 450px) 100vw, 450px\" \/><br>E-Mail: <a href=\"mailto:dagmar@hf-baden-baden.de\">dagmar@hf-baden-baden.de<\/a><\/p>\n<p>und<\/p>\n<p>Verena Bitterwolf (Foto kommt noch)<\/p>\n<p><strong>Vereinsrat:<\/strong> Jens Dietrich, Paris Frost, Willi Drapp<\/p>\n\n\n<p><\/p>\n","protected":false},"excerpt":{"rendered":"<p>Die Hundefreunde Baden-Baden e.V. wurden im Mai 2001 gegr\u00fcndet und sind seitdem Mitglied im S\u00fcdwestdeutschen Hundesportverband Wir trainieren auf dem Gel\u00e4nde des Sch\u00e4ferhundevereins Rastatt. Unser Ziel ist es jedem Hund&#8230; <a class=\"read-more-link\" href=\"https:\/\/www.hf-baden-baden.de\/?page_id=2\">Read more &raquo;<\/a><\/p>\n","protected":false},"author":1,"featured_media":0,"parent":0,"menu_order":1,"comment_status":"open","ping_status":"open","template":"","meta":{"ngg_post_thumbnail":0,"footnotes":""},"class_list":["post-2","page","type-page","status-publish","hentry"],"_links":{"self":[{"href":"https:\/\/www.hf-baden-baden.de\/index.php?rest_route=\/wp\/v2\/pages\/2","targetHints":{"allow":["GET"]}}],"collection":[{"href":"https:\/\/www.hf-baden-baden.de\/index.php?rest_route=\/wp\/v2\/pages"}],"about":[{"href":"https:\/\/www.hf-baden-baden.de\/index.php?rest_route=\/wp\/v2\/types\/page"}],"author":[{"embeddable":true,"href":"https:\/\/www.hf-baden-baden.de\/index.php?rest_route=\/wp\/v2\/users\/1"}],"replies":[{"embeddable":true,"href":"https:\/\/www.hf-baden-baden.de\/index.php?rest_route=%2Fwp%2Fv2%2Fcomments&post=2"}],"version-history":[{"count":35,"href":"https:\/\/www.hf-baden-baden.de\/index.php?rest_route=\/wp\/v2\/pages\/2\/revisions"}],"predecessor-version":[{"id":15609,"href":"https:\/\/www.hf-baden-baden.de\/index.php?rest_route=\/wp\/v2\/pages\/2\/revisions\/15609"}],"wp:attachment":[{"href":"https:\/\/www.hf-baden-baden.de\/index.php?rest_route=%2Fwp%2Fv2%2Fmedia&parent=2"}],"curies":[{"name":"wp","href":"https:\/\/api.w.org\/{rel}","templated":true}]}}