{"id":2431,"date":"2019-07-04T15:08:24","date_gmt":"2019-07-04T15:08:24","guid":{"rendered":"http:\/\/www.hf-baden-baden.de\/?page_id=2431"},"modified":"2022-10-24T07:30:22","modified_gmt":"2022-10-24T07:30:22","slug":"rally-obedience","status":"publish","type":"page","link":"https:\/\/www.hf-baden-baden.de\/?page_id=2431","title":{"rendered":"Rally Obedience"},"content":{"rendered":"\n<p>Diese relativ junge Sportart kombiniert Parcours-\u00dcbungen mit Aufgaben aus dem klassischen Obedience-Training. Pr\u00e4zision und Tempo ist gleichwertig gefragt. <\/p>\n\n\n<div class=\"wp-block-image\">\n<figure class=\"aligncenter size-full\"><img loading=\"lazy\" decoding=\"async\" width=\"500\" height=\"375\" src=\"https:\/\/www.hf-baden-baden.de\/wordpress\/wp-content\/uploads\/2022\/10\/20200620_100653560_iOS.jpg\" alt=\"\" class=\"wp-image-15456\" srcset=\"https:\/\/www.hf-baden-baden.de\/wordpress\/wp-content\/uploads\/2022\/10\/20200620_100653560_iOS.jpg 500w, https:\/\/www.hf-baden-baden.de\/wordpress\/wp-content\/uploads\/2022\/10\/20200620_100653560_iOS-450x338.jpg 450w\" sizes=\"auto, (max-width: 500px) 100vw, 500px\" \/><\/figure>\n<\/div>\n\n\n<p>Eine Begleithundepr\u00fcfung ist nicht notwendig. Der Grundgehorsam und zuverl\u00e4ssiges Absolvieren von Grundkommandos, Sitz, Platz und Bleib, ist f\u00fcr alle Hunde unbedingt erforderlich.<\/p>\n\n\n\n<p>Der Hundef\u00fchrer durchl\u00e4uft mit seinem Hund einen vorgegebenen Parcours mit bis zu 24 Stations\u00fcbungen. <\/p>\n\n\n<div class=\"wp-block-image\">\n<figure class=\"aligncenter size-full\"><img loading=\"lazy\" decoding=\"async\" width=\"500\" height=\"334\" src=\"https:\/\/www.hf-baden-baden.de\/wordpress\/wp-content\/uploads\/2022\/10\/20200620_093215790_iOS.jpg\" alt=\"\" class=\"wp-image-15455\" srcset=\"https:\/\/www.hf-baden-baden.de\/wordpress\/wp-content\/uploads\/2022\/10\/20200620_093215790_iOS.jpg 500w, https:\/\/www.hf-baden-baden.de\/wordpress\/wp-content\/uploads\/2022\/10\/20200620_093215790_iOS-450x301.jpg 450w\" sizes=\"auto, (max-width: 500px) 100vw, 500px\" \/><\/figure>\n<\/div>\n\n\n<p>An jeder Station findet sich ein Schild, das zeigt, welche Aufgabe zu absolvieren ist und in welche Richtung es anschlie\u00dfend weitergeht.<\/p>\n\n\n<div class=\"wp-block-image\">\n<figure class=\"aligncenter size-full\"><img loading=\"lazy\" decoding=\"async\" width=\"500\" height=\"334\" src=\"https:\/\/www.hf-baden-baden.de\/wordpress\/wp-content\/uploads\/2022\/10\/20200620_103353000_iOS.jpg\" alt=\"\" class=\"wp-image-15457\" srcset=\"https:\/\/www.hf-baden-baden.de\/wordpress\/wp-content\/uploads\/2022\/10\/20200620_103353000_iOS.jpg 500w, https:\/\/www.hf-baden-baden.de\/wordpress\/wp-content\/uploads\/2022\/10\/20200620_103353000_iOS-450x301.jpg 450w\" sizes=\"auto, (max-width: 500px) 100vw, 500px\" \/><\/figure>\n<\/div>\n\n\n<p>Das Besondere an diesem Sport: Hund und Mensch d\u00fcrfen und m\u00fcssen w\u00e4hrend ihrer Arbeit st\u00e4ndig miteinander kommunizieren.<\/p>\n\n\n\n<p>Der Hund darf jederzeit angesprochen, motiviert und gelobt werden. Auch Futterbelohnung ist je nach \u00dcbung erlaubt und erw\u00fcnscht.<\/p>\n\n\n<div class=\"wp-block-image\">\n<figure class=\"aligncenter size-full\"><img loading=\"lazy\" decoding=\"async\" width=\"500\" height=\"334\" src=\"https:\/\/www.hf-baden-baden.de\/wordpress\/wp-content\/uploads\/2022\/10\/20200620_093101700_iOS.jpg\" alt=\"\" class=\"wp-image-15454\" srcset=\"https:\/\/www.hf-baden-baden.de\/wordpress\/wp-content\/uploads\/2022\/10\/20200620_093101700_iOS.jpg 500w, https:\/\/www.hf-baden-baden.de\/wordpress\/wp-content\/uploads\/2022\/10\/20200620_093101700_iOS-450x301.jpg 450w\" sizes=\"auto, (max-width: 500px) 100vw, 500px\" \/><\/figure>\n<\/div>\n\n\n<p>Es gibt 5 Leistungsklassen: Beginner, Kl. 1, Kl. 2, Kl. 3, Senioren (Hunde ab 8 Jahre).<\/p>\n\n\n\n<p>Mittlerweile finden sehr viele Turniere und auch Meisterschaften statt.<\/p>\n\n\n\n<p>Wir trainieren nach den Regeln, bzw. der Pr\u00fcfungsordnung des VDH.<br>Nachzulesen auf der Homepage des VDH unter <a href=\"https:\/\/www.vdh.de\/hundesport\/rally-obedience\/\" target=\"_blank\" rel=\"noreferrer noopener\" aria-label=\"Rally Obedience (\u00f6ffnet in neuem Tab)\">Rally Obedience<\/a>.<\/p>\n\n\n<div class=\"wp-block-image\">\n<figure class=\"aligncenter is-resized\"><img loading=\"lazy\" decoding=\"async\" src=\"https:\/\/www.hf-baden-baden.de\/wordpress\/wp-content\/uploads\/2019\/07\/RO5.jpg\" alt=\"\" class=\"wp-image-2442\" width=\"300\" height=\"242\"\/><\/figure>\n<\/div>\n\n\n<p><br><\/p>\n\n\n\n<p><\/p>\n","protected":false},"excerpt":{"rendered":"<p>Diese relativ junge Sportart kombiniert Parcours-\u00dcbungen mit Aufgaben aus dem klassischen Obedience-Training. Pr\u00e4zision und Tempo ist gleichwertig gefragt. Eine Begleithundepr\u00fcfung ist nicht notwendig. Der Grundgehorsam und zuverl\u00e4ssiges Absolvieren von Grundkommandos,&#8230; <a class=\"read-more-link\" href=\"https:\/\/www.hf-baden-baden.de\/?page_id=2431\">Read more &raquo;<\/a><\/p>\n","protected":false},"author":1,"featured_media":0,"parent":9,"menu_order":6,"comment_status":"closed","ping_status":"closed","template":"","meta":{"ngg_post_thumbnail":0,"footnotes":""},"class_list":["post-2431","page","type-page","status-publish","hentry"],"_links":{"self":[{"href":"https:\/\/www.hf-baden-baden.de\/index.php?rest_route=\/wp\/v2\/pages\/2431","targetHints":{"allow":["GET"]}}],"collection":[{"href":"https:\/\/www.hf-baden-baden.de\/index.php?rest_route=\/wp\/v2\/pages"}],"about":[{"href":"https:\/\/www.hf-baden-baden.de\/index.php?rest_route=\/wp\/v2\/types\/page"}],"author":[{"embeddable":true,"href":"https:\/\/www.hf-baden-baden.de\/index.php?rest_route=\/wp\/v2\/users\/1"}],"replies":[{"embeddable":true,"href":"https:\/\/www.hf-baden-baden.de\/index.php?rest_route=%2Fwp%2Fv2%2Fcomments&post=2431"}],"version-history":[{"count":4,"href":"https:\/\/www.hf-baden-baden.de\/index.php?rest_route=\/wp\/v2\/pages\/2431\/revisions"}],"predecessor-version":[{"id":15465,"href":"https:\/\/www.hf-baden-baden.de\/index.php?rest_route=\/wp\/v2\/pages\/2431\/revisions\/15465"}],"up":[{"embeddable":true,"href":"https:\/\/www.hf-baden-baden.de\/index.php?rest_route=\/wp\/v2\/pages\/9"}],"wp:attachment":[{"href":"https:\/\/www.hf-baden-baden.de\/index.php?rest_route=%2Fwp%2Fv2%2Fmedia&parent=2431"}],"curies":[{"name":"wp","href":"https:\/\/api.w.org\/{rel}","templated":true}]}}